{"id":18,"date":"2025-09-15T14:38:52","date_gmt":"2025-09-15T12:38:52","guid":{"rendered":"https:\/\/caro.audrey-protat.fr\/?page_id=18"},"modified":"2025-10-08T11:47:43","modified_gmt":"2025-10-08T09:47:43","slug":"a-propos","status":"publish","type":"page","link":"https:\/\/caroline-protat.fr\/?page_id=18","title":{"rendered":"\u00c0 propos"},"content":{"rendered":"\t\t<div data-elementor-type=\"wp-page\" data-elementor-id=\"18\" class=\"elementor elementor-18\">\n\t\t\t\t<div class=\"elementor-element elementor-element-2c57bbb1 e-flex e-con-boxed e-con e-parent\" data-id=\"2c57bbb1\" data-element_type=\"container\" data-e-type=\"container\">\n\t\t\t\t\t<div class=\"e-con-inner\">\n\t\t<div class=\"elementor-element elementor-element-9f31517 e-flex e-con-boxed e-con e-child\" data-id=\"9f31517\" data-element_type=\"container\" data-e-type=\"container\">\n\t\t\t\t\t<div class=\"e-con-inner\">\n\t\t<div class=\"elementor-element elementor-element-6bf37038 e-flex e-con-boxed e-con e-child\" data-id=\"6bf37038\" data-element_type=\"container\" data-e-type=\"container\">\n\t\t\t\t\t<div class=\"e-con-inner\">\n\t\t\t\t<div class=\"elementor-element elementor-element-677e2b58 elementor-widget elementor-widget-heading\" data-id=\"677e2b58\" data-element_type=\"widget\" data-e-type=\"widget\" data-widget_type=\"heading.default\">\n\t\t\t\t\t<div class=\"elementor-heading-title elementor-size-default\">Pr\u00e9sentation<\/div>\t\t\t\t<\/div>\n\t\t<div class=\"elementor-element elementor-element-6c3bb373 e-flex e-con-boxed e-con e-child\" data-id=\"6c3bb373\" data-element_type=\"container\" data-e-type=\"container\">\n\t\t\t\t\t<div class=\"e-con-inner\">\n\t\t\t\t<div class=\"elementor-element elementor-element-6974b0b2 elementor-widget elementor-widget-heading\" data-id=\"6974b0b2\" data-element_type=\"widget\" data-e-type=\"widget\" data-widget_type=\"heading.default\">\n\t\t\t\t\t<h1 class=\"elementor-heading-title elementor-size-default\">\u00c0 PROPOS.<\/h1>\t\t\t\t<\/div>\n\t\t\t\t<div class=\"elementor-element elementor-element-497d4a95 elementor-widget__width-initial elementor-widget-mobile__width-inherit elementor-widget elementor-widget-text-editor\" data-id=\"497d4a95\" data-element_type=\"widget\" data-e-type=\"widget\" data-widget_type=\"text-editor.default\">\n\t\t\t\t\t\t\t\t\t<p>Je m\u2019appelle Caroline Protat, je suis r\u00e9alisatrice de documentaire, monteuse et journaliste.<\/p>\t\t\t\t\t\t\t\t<\/div>\n\t\t\t\t<div class=\"elementor-element elementor-element-c548190 elementor-widget elementor-widget-button\" data-id=\"c548190\" data-element_type=\"widget\" data-e-type=\"widget\" data-widget_type=\"button.default\">\n\t\t\t\t\t\t\t\t\t\t<a class=\"elementor-button elementor-button-link elementor-size-sm\" href=\"https:\/\/caroline-protat.fr\/?page_id=23\">\n\t\t\t\t\t\t<span class=\"elementor-button-content-wrapper\">\n\t\t\t\t\t\t\t\t\t<span class=\"elementor-button-text\">CONTACT<\/span>\n\t\t\t\t\t<\/span>\n\t\t\t\t\t<\/a>\n\t\t\t\t\t\t\t\t<\/div>\n\t\t\t\t\t<\/div>\n\t\t\t\t<\/div>\n\t\t\t\t\t<\/div>\n\t\t\t\t<\/div>\n\t\t<div class=\"elementor-element elementor-element-598c6d77 e-flex e-con-boxed e-con e-child\" data-id=\"598c6d77\" data-element_type=\"container\" data-e-type=\"container\">\n\t\t\t\t\t<div class=\"e-con-inner\">\n\t\t\t\t<div class=\"elementor-element elementor-element-2f8328bc elementor-widget elementor-widget-image\" data-id=\"2f8328bc\" data-element_type=\"widget\" data-e-type=\"widget\" data-widget_type=\"image.default\">\n\t\t\t\t\t\t\t\t\t\t\t\t\t\t\t<img fetchpriority=\"high\" decoding=\"async\" width=\"1600\" height=\"1600\" src=\"https:\/\/caroline-protat.fr\/wp-content\/uploads\/2025\/09\/Caroline-Protat.webp\" class=\"attachment-full size-full wp-image-842\" alt=\"\" srcset=\"https:\/\/caroline-protat.fr\/wp-content\/uploads\/2025\/09\/Caroline-Protat.webp 1600w, https:\/\/caroline-protat.fr\/wp-content\/uploads\/2025\/09\/Caroline-Protat-300x300.webp 300w, https:\/\/caroline-protat.fr\/wp-content\/uploads\/2025\/09\/Caroline-Protat-1024x1024.webp 1024w, https:\/\/caroline-protat.fr\/wp-content\/uploads\/2025\/09\/Caroline-Protat-150x150.webp 150w, https:\/\/caroline-protat.fr\/wp-content\/uploads\/2025\/09\/Caroline-Protat-768x768.webp 768w, https:\/\/caroline-protat.fr\/wp-content\/uploads\/2025\/09\/Caroline-Protat-1536x1536.webp 1536w\" sizes=\"(max-width: 1600px) 100vw, 1600px\" \/>\t\t\t\t\t\t\t\t\t\t\t\t\t\t\t<\/div>\n\t\t\t\t\t<\/div>\n\t\t\t\t<\/div>\n\t\t\t\t\t<\/div>\n\t\t\t\t<\/div>\n\t\t\t\t\t<\/div>\n\t\t\t\t<\/div>\n\t\t<div class=\"elementor-element elementor-element-1d40844a e-flex e-con-boxed e-con e-parent\" data-id=\"1d40844a\" data-element_type=\"container\" data-e-type=\"container\">\n\t\t\t\t\t<div class=\"e-con-inner\">\n\t\t<div class=\"elementor-element elementor-element-35861d06 e-flex e-con-boxed e-con e-child\" data-id=\"35861d06\" data-element_type=\"container\" data-e-type=\"container\">\n\t\t\t\t\t<div class=\"e-con-inner\">\n\t\t<div class=\"elementor-element elementor-element-5a4c8eb5 e-flex e-con-boxed e-con e-child\" data-id=\"5a4c8eb5\" data-element_type=\"container\" data-e-type=\"container\">\n\t\t\t\t\t<div class=\"e-con-inner\">\n\t\t\t\t<div class=\"elementor-element elementor-element-2237cbe7 elementor-widget elementor-widget-heading\" data-id=\"2237cbe7\" data-element_type=\"widget\" data-e-type=\"widget\" data-widget_type=\"heading.default\">\n\t\t\t\t\t<div class=\"elementor-heading-title elementor-size-default\">De la production \u00e0 la r\u00e9alisation<\/div>\t\t\t\t<\/div>\n\t\t<div class=\"elementor-element elementor-element-354e821b e-flex e-con-boxed e-con e-child\" data-id=\"354e821b\" data-element_type=\"container\" data-e-type=\"container\">\n\t\t\t\t\t<div class=\"e-con-inner\">\n\t\t\t\t<div class=\"elementor-element elementor-element-4bb99f78 elementor-widget__width-initial elementor-widget-tablet__width-inherit elementor-widget elementor-widget-heading\" data-id=\"4bb99f78\" data-element_type=\"widget\" data-e-type=\"widget\" data-widget_type=\"heading.default\">\n\t\t\t\t\t<h2 class=\"elementor-heading-title elementor-size-default\">Premiers pas dans l\u2019audiovisuel.<\/h2>\t\t\t\t<\/div>\n\t\t\t\t<div class=\"elementor-element elementor-element-69819b0f elementor-widget__width-initial elementor-widget-mobile__width-inherit elementor-widget-tablet__width-inherit elementor-widget elementor-widget-text-editor\" data-id=\"69819b0f\" data-element_type=\"widget\" data-e-type=\"widget\" data-widget_type=\"text-editor.default\">\n\t\t\t\t\t\t\t\t\tApr\u00e8s plusieurs ann\u00e9es \u00e0 travailler comme attach\u00e9e de production pour la t\u00e9l\u00e9vision (Invitation au Voyage &#8211; Arte) et la radio (France Inter et Franceinfo), je me suis progressivement tourn\u00e9e vers la r\u00e9alisation de documentaires audiovisuels et sonores.\t\t\t\t\t\t\t\t<\/div>\n\t\t\t\t\t<\/div>\n\t\t\t\t<\/div>\n\t\t\t\t\t<\/div>\n\t\t\t\t<\/div>\n\t\t\t\t\t<\/div>\n\t\t\t\t<\/div>\n\t\t\t\t\t<\/div>\n\t\t\t\t<\/div>\n\t\t<div class=\"elementor-element elementor-element-2863d63 e-flex e-con-boxed e-con e-parent\" data-id=\"2863d63\" data-element_type=\"container\" data-e-type=\"container\">\n\t\t\t\t\t<div class=\"e-con-inner\">\n\t\t<div class=\"elementor-element elementor-element-cd0bbca e-flex e-con-boxed e-con e-child\" data-id=\"cd0bbca\" data-element_type=\"container\" data-e-type=\"container\">\n\t\t\t\t\t<div class=\"e-con-inner\">\n\t\t<div class=\"elementor-element elementor-element-7706e92 e-flex e-con-boxed e-con e-child\" data-id=\"7706e92\" data-element_type=\"container\" data-e-type=\"container\">\n\t\t\t\t\t<div class=\"e-con-inner\">\n\t\t\t\t<div class=\"elementor-element elementor-element-94619c5 elementor-widget elementor-widget-image\" data-id=\"94619c5\" data-element_type=\"widget\" data-e-type=\"widget\" data-widget_type=\"image.default\">\n\t\t\t\t\t\t\t\t\t\t\t\t\t\t\t<img decoding=\"async\" width=\"2500\" height=\"2500\" src=\"https:\/\/caroline-protat.fr\/wp-content\/uploads\/2025\/09\/Ginette-caroline-protat.webp\" class=\"attachment-full size-full wp-image-812\" alt=\"\" srcset=\"https:\/\/caroline-protat.fr\/wp-content\/uploads\/2025\/09\/Ginette-caroline-protat.webp 2500w, https:\/\/caroline-protat.fr\/wp-content\/uploads\/2025\/09\/Ginette-caroline-protat-300x300.webp 300w, https:\/\/caroline-protat.fr\/wp-content\/uploads\/2025\/09\/Ginette-caroline-protat-1024x1024.webp 1024w, https:\/\/caroline-protat.fr\/wp-content\/uploads\/2025\/09\/Ginette-caroline-protat-150x150.webp 150w, https:\/\/caroline-protat.fr\/wp-content\/uploads\/2025\/09\/Ginette-caroline-protat-768x768.webp 768w, https:\/\/caroline-protat.fr\/wp-content\/uploads\/2025\/09\/Ginette-caroline-protat-1536x1536.webp 1536w, https:\/\/caroline-protat.fr\/wp-content\/uploads\/2025\/09\/Ginette-caroline-protat-2048x2048.webp 2048w\" sizes=\"(max-width: 2500px) 100vw, 2500px\" \/>\t\t\t\t\t\t\t\t\t\t\t\t\t\t\t<\/div>\n\t\t\t\t\t<\/div>\n\t\t\t\t<\/div>\n\t\t<div class=\"elementor-element elementor-element-7ae8293 e-flex e-con-boxed e-con e-child\" data-id=\"7ae8293\" data-element_type=\"container\" data-e-type=\"container\">\n\t\t\t\t\t<div class=\"e-con-inner\">\n\t\t\t\t<div class=\"elementor-element elementor-element-5c66336 elementor-widget elementor-widget-heading\" data-id=\"5c66336\" data-element_type=\"widget\" data-e-type=\"widget\" data-widget_type=\"heading.default\">\n\t\t\t\t\t<div class=\"elementor-heading-title elementor-size-default\">Premier documentaire diffus\u00e9<\/div>\t\t\t\t<\/div>\n\t\t<div class=\"elementor-element elementor-element-0ecad25 e-con-full e-flex e-con e-child\" data-id=\"0ecad25\" data-element_type=\"container\" data-e-type=\"container\">\n\t\t\t\t<div class=\"elementor-element elementor-element-54f5600 elementor-widget elementor-widget-heading\" data-id=\"54f5600\" data-element_type=\"widget\" data-e-type=\"widget\" data-widget_type=\"heading.default\">\n\t\t\t\t\t<h2 class=\"elementor-heading-title elementor-size-default\">LA R\u00c9ALISATION DE \"GINETTE\".<\/h2>\t\t\t\t<\/div>\n\t\t\t\t<div class=\"elementor-element elementor-element-b5a155d elementor-widget__width-initial elementor-widget-mobile__width-inherit elementor-widget elementor-widget-text-editor\" data-id=\"b5a155d\" data-element_type=\"widget\" data-e-type=\"widget\" data-widget_type=\"text-editor.default\">\n\t\t\t\t\t\t\t\t\tEn 2023, mon premier documentaire de 52 minutes, co-produit et co-r\u00e9alis\u00e9 avec Antoine Lifaut, \u00ab\u00a0Ginette\u00a0\u00bb, un portrait de la rescap\u00e9e des camps d\u2019extermination Ginette Kolinka, a \u00e9t\u00e9 diffus\u00e9 sur France 3.\t\t\t\t\t\t\t\t<\/div>\n\t\t\t\t<\/div>\n\t\t\t\t\t<\/div>\n\t\t\t\t<\/div>\n\t\t\t\t\t<\/div>\n\t\t\t\t<\/div>\n\t\t\t\t\t<\/div>\n\t\t\t\t<\/div>\n\t\t<div class=\"elementor-element elementor-element-abeed99 e-flex e-con-boxed e-con e-parent\" data-id=\"abeed99\" data-element_type=\"container\" data-e-type=\"container\">\n\t\t\t\t\t<div class=\"e-con-inner\">\n\t\t<div class=\"elementor-element elementor-element-3ac3a3f e-flex e-con-boxed e-con e-child\" data-id=\"3ac3a3f\" data-element_type=\"container\" data-e-type=\"container\">\n\t\t\t\t\t<div class=\"e-con-inner\">\n\t\t<div class=\"elementor-element elementor-element-8d52fc3 e-flex e-con-boxed e-con e-child\" data-id=\"8d52fc3\" data-element_type=\"container\" data-e-type=\"container\">\n\t\t\t\t\t<div class=\"e-con-inner\">\n\t\t\t\t<div class=\"elementor-element elementor-element-3d8b031 elementor-widget elementor-widget-heading\" data-id=\"3d8b031\" data-element_type=\"widget\" data-e-type=\"widget\" data-widget_type=\"heading.default\">\n\t\t\t\t\t<div class=\"elementor-heading-title elementor-size-default\">Retour aux \u00e9tudes \u00e0 l\u2019INA<\/div>\t\t\t\t<\/div>\n\t\t<div class=\"elementor-element elementor-element-34279d0 e-flex e-con-boxed e-con e-child\" data-id=\"34279d0\" data-element_type=\"container\" data-e-type=\"container\">\n\t\t\t\t\t<div class=\"e-con-inner\">\n\t\t\t\t<div class=\"elementor-element elementor-element-73d0aa1 elementor-widget elementor-widget-heading\" data-id=\"73d0aa1\" data-element_type=\"widget\" data-e-type=\"widget\" data-widget_type=\"heading.default\">\n\t\t\t\t\t<h2 class=\"elementor-heading-title elementor-size-default\">Se consacrer plainement \nau documentaire.<\/h2>\t\t\t\t<\/div>\n\t\t\t\t<div class=\"elementor-element elementor-element-74a578e elementor-widget__width-initial elementor-widget-mobile__width-inherit elementor-widget elementor-widget-text-editor\" data-id=\"74a578e\" data-element_type=\"widget\" data-e-type=\"widget\" data-widget_type=\"text-editor.default\">\n\t\t\t\t\t\t\t\t\tA la rentr\u00e9e 2024, j\u2019ai d\u00e9cid\u00e9 de tourner la page Radio France et de me consacrer exclusivement au documentaire en me formant \u00e0 la conception et \u00e0 la r\u00e9alisation au sein du Master CRDoc de l\u2019INA Campus. Deux projets sont n\u00e9s de cette formation : \u00ab\u00a0\u00c0 col ouvert\u00a0\u00bb, un film d\u2019une dizaine de minutes co-r\u00e9alis\u00e9 avec Margot Artur de Lizarraga et \u00ab\u00a0J\u2019ai perdu ma langue\u00a0\u00bb, un documentaire sonore de 11 minutes co-r\u00e9alis\u00e9 avec Cl\u00e9mence Qian-Laurent.\t\t\t\t\t\t\t\t<\/div>\n\t\t\t\t\t<\/div>\n\t\t\t\t<\/div>\n\t\t\t\t\t<\/div>\n\t\t\t\t<\/div>\n\t\t<div class=\"elementor-element elementor-element-82329c6 e-flex e-con-boxed e-con e-child\" data-id=\"82329c6\" data-element_type=\"container\" data-e-type=\"container\">\n\t\t\t\t\t<div class=\"e-con-inner\">\n\t\t\t\t<div class=\"elementor-element elementor-element-734f91c elementor-widget elementor-widget-image\" data-id=\"734f91c\" data-element_type=\"widget\" data-e-type=\"widget\" data-widget_type=\"image.default\">\n\t\t\t\t\t\t\t\t\t\t\t\t\t\t\t<img decoding=\"async\" width=\"2560\" height=\"1385\" src=\"https:\/\/caroline-protat.fr\/wp-content\/uploads\/2025\/09\/A-col-ouvert-documentaire-caroline-protat.webp\" class=\"attachment-full size-full wp-image-799\" alt=\"\" srcset=\"https:\/\/caroline-protat.fr\/wp-content\/uploads\/2025\/09\/A-col-ouvert-documentaire-caroline-protat.webp 2560w, https:\/\/caroline-protat.fr\/wp-content\/uploads\/2025\/09\/A-col-ouvert-documentaire-caroline-protat-300x162.webp 300w, https:\/\/caroline-protat.fr\/wp-content\/uploads\/2025\/09\/A-col-ouvert-documentaire-caroline-protat-1024x554.webp 1024w, https:\/\/caroline-protat.fr\/wp-content\/uploads\/2025\/09\/A-col-ouvert-documentaire-caroline-protat-768x416.webp 768w, https:\/\/caroline-protat.fr\/wp-content\/uploads\/2025\/09\/A-col-ouvert-documentaire-caroline-protat-1536x831.webp 1536w, https:\/\/caroline-protat.fr\/wp-content\/uploads\/2025\/09\/A-col-ouvert-documentaire-caroline-protat-2048x1108.webp 2048w\" sizes=\"(max-width: 2560px) 100vw, 2560px\" \/>\t\t\t\t\t\t\t\t\t\t\t\t\t\t\t<\/div>\n\t\t\t\t\t<\/div>\n\t\t\t\t<\/div>\n\t\t\t\t\t<\/div>\n\t\t\t\t<\/div>\n\t\t\t\t\t<\/div>\n\t\t\t\t<\/div>\n\t\t<div class=\"elementor-element elementor-element-a35e864 e-flex e-con-boxed e-con e-parent\" data-id=\"a35e864\" data-element_type=\"container\" data-e-type=\"container\">\n\t\t\t\t\t<div class=\"e-con-inner\">\n\t\t<div class=\"elementor-element elementor-element-996f31e e-flex e-con-boxed e-con e-child\" data-id=\"996f31e\" data-element_type=\"container\" data-e-type=\"container\">\n\t\t\t\t\t<div class=\"e-con-inner\">\n\t\t<div class=\"elementor-element elementor-element-1d76fa4 e-flex e-con-boxed e-con e-child\" data-id=\"1d76fa4\" data-element_type=\"container\" data-e-type=\"container\">\n\t\t\t\t\t<div class=\"e-con-inner\">\n\t\t\t\t<div class=\"elementor-element elementor-element-1ef3173 elementor-widget elementor-widget-image\" data-id=\"1ef3173\" data-element_type=\"widget\" data-e-type=\"widget\" data-widget_type=\"image.default\">\n\t\t\t\t\t\t\t\t\t\t\t\t\t\t\t<img loading=\"lazy\" decoding=\"async\" width=\"613\" height=\"790\" src=\"https:\/\/caroline-protat.fr\/wp-content\/uploads\/2025\/10\/caroline_protat_projets.webp\" class=\"attachment-full size-full wp-image-1033\" alt=\"\" srcset=\"https:\/\/caroline-protat.fr\/wp-content\/uploads\/2025\/10\/caroline_protat_projets.webp 613w, https:\/\/caroline-protat.fr\/wp-content\/uploads\/2025\/10\/caroline_protat_projets-233x300.webp 233w\" sizes=\"(max-width: 613px) 100vw, 613px\" \/>\t\t\t\t\t\t\t\t\t\t\t\t\t\t\t<\/div>\n\t\t\t\t\t<\/div>\n\t\t\t\t<\/div>\n\t\t<div class=\"elementor-element elementor-element-cf23ef9 e-flex e-con-boxed e-con e-child\" data-id=\"cf23ef9\" data-element_type=\"container\" data-e-type=\"container\">\n\t\t\t\t\t<div class=\"e-con-inner\">\n\t\t\t\t<div class=\"elementor-element elementor-element-2c95adf elementor-widget elementor-widget-heading\" data-id=\"2c95adf\" data-element_type=\"widget\" data-e-type=\"widget\" data-widget_type=\"heading.default\">\n\t\t\t\t\t<div class=\"elementor-heading-title elementor-size-default\">Entre son, image et photo<\/div>\t\t\t\t<\/div>\n\t\t<div class=\"elementor-element elementor-element-cfdd545 e-con-full e-flex e-con e-child\" data-id=\"cfdd545\" data-element_type=\"container\" data-e-type=\"container\">\n\t\t\t\t<div class=\"elementor-element elementor-element-3292b5a elementor-widget elementor-widget-heading\" data-id=\"3292b5a\" data-element_type=\"widget\" data-e-type=\"widget\" data-widget_type=\"heading.default\">\n\t\t\t\t\t<h2 class=\"elementor-heading-title elementor-size-default\">Une passion polyvalente.<\/h2>\t\t\t\t<\/div>\n\t\t\t\t<div class=\"elementor-element elementor-element-7afdf5b elementor-widget__width-initial elementor-widget-mobile__width-inherit elementor-widget elementor-widget-text-editor\" data-id=\"7afdf5b\" data-element_type=\"widget\" data-e-type=\"widget\" data-widget_type=\"text-editor.default\">\n\t\t\t\t\t\t\t\t\tPassionn\u00e9e aussi bien par le son que par l\u2019image et la photographie, je suis aujourd\u2019hui polyvalente pour d\u00e9velopper des projets personnels mais aussi pour vous assister dans vos cr\u00e9ations documentaire, de l\u2019\u00e9criture \u00e0 la post-production.\t\t\t\t\t\t\t\t<\/div>\n\t\t\t\t<\/div>\n\t\t\t\t\t<\/div>\n\t\t\t\t<\/div>\n\t\t\t\t\t<\/div>\n\t\t\t\t<\/div>\n\t\t\t\t\t<\/div>\n\t\t\t\t<\/div>\n\t\t<div class=\"elementor-element elementor-element-8b70f44 e-flex e-con-boxed e-con e-parent\" data-id=\"8b70f44\" data-element_type=\"container\" data-e-type=\"container\">\n\t\t\t\t\t<div class=\"e-con-inner\">\n\t\t<div class=\"elementor-element elementor-element-e22ed34 e-flex e-con-boxed e-con e-child\" data-id=\"e22ed34\" data-element_type=\"container\" data-e-type=\"container\">\n\t\t\t\t\t<div class=\"e-con-inner\">\n\t\t<div class=\"elementor-element elementor-element-19b858e e-flex e-con-boxed e-con e-child\" data-id=\"19b858e\" data-element_type=\"container\" data-e-type=\"container\">\n\t\t\t\t\t<div class=\"e-con-inner\">\n\t\t<div class=\"elementor-element elementor-element-aba200a e-con-full e-flex e-con e-child\" data-id=\"aba200a\" data-element_type=\"container\" data-e-type=\"container\">\n\t\t\t\t<div class=\"elementor-element elementor-element-1a1be55 elementor-widget__width-initial elementor-widget-tablet__width-inherit elementor-widget elementor-widget-text-editor\" data-id=\"1a1be55\" data-element_type=\"widget\" data-e-type=\"widget\" data-widget_type=\"text-editor.default\">\n\t\t\t\t\t\t\t\t\t<p>T\u00e9l\u00e9chargez mon CV pour jeter un \u0153il \u00e0 toutes mes exp\u00e9riences et projets dans le journalisme et le documentaire.<\/p>\t\t\t\t\t\t\t\t<\/div>\n\t\t\t\t<div class=\"elementor-element elementor-element-4c6359f elementor-widget elementor-widget-button\" data-id=\"4c6359f\" data-element_type=\"widget\" data-e-type=\"widget\" data-widget_type=\"button.default\">\n\t\t\t\t\t\t\t\t\t\t<a class=\"elementor-button elementor-button-link elementor-size-sm\" href=\"https:\/\/caroline-protat.fr\/wp-content\/uploads\/2025\/09\/CV-Caroline-Protat.pdf\">\n\t\t\t\t\t\t<span class=\"elementor-button-content-wrapper\">\n\t\t\t\t\t\t\t\t\t<span class=\"elementor-button-text\">T\u00c9L\u00c9CHARGER<\/span>\n\t\t\t\t\t<\/span>\n\t\t\t\t\t<\/a>\n\t\t\t\t\t\t\t\t<\/div>\n\t\t\t\t<\/div>\n\t\t\t\t\t<\/div>\n\t\t\t\t<\/div>\n\t\t\t\t\t<\/div>\n\t\t\t\t<\/div>\n\t\t\t\t\t<\/div>\n\t\t\t\t<\/div>\n\t\t\t\t<\/div>\n\t\t","protected":false},"excerpt":{"rendered":"<p>Pr\u00e9sentation \u00c0 PROPOS. Je m\u2019appelle Caroline Protat, je suis r\u00e9alisatrice de documentaire, monteuse et journaliste. CONTACT De la production \u00e0 la r\u00e9alisation Premiers pas dans l\u2019audiovisuel. Apr\u00e8s plusieurs ann\u00e9es \u00e0 travailler comme attach\u00e9e de production pour la t\u00e9l\u00e9vision (Invitation au Voyage &#8211; Arte) et la radio (France Inter et Franceinfo), je me suis progressivement tourn\u00e9e [&hellip;]<\/p>\n","protected":false},"author":1,"featured_media":0,"parent":0,"menu_order":0,"comment_status":"closed","ping_status":"closed","template":"","meta":{"footnotes":""},"class_list":["post-18","page","type-page","status-publish","hentry"],"_links":{"self":[{"href":"https:\/\/caroline-protat.fr\/index.php?rest_route=\/wp\/v2\/pages\/18","targetHints":{"allow":["GET"]}}],"collection":[{"href":"https:\/\/caroline-protat.fr\/index.php?rest_route=\/wp\/v2\/pages"}],"about":[{"href":"https:\/\/caroline-protat.fr\/index.php?rest_route=\/wp\/v2\/types\/page"}],"author":[{"embeddable":true,"href":"https:\/\/caroline-protat.fr\/index.php?rest_route=\/wp\/v2\/users\/1"}],"replies":[{"embeddable":true,"href":"https:\/\/caroline-protat.fr\/index.php?rest_route=%2Fwp%2Fv2%2Fcomments&post=18"}],"version-history":[{"count":46,"href":"https:\/\/caroline-protat.fr\/index.php?rest_route=\/wp\/v2\/pages\/18\/revisions"}],"predecessor-version":[{"id":1066,"href":"https:\/\/caroline-protat.fr\/index.php?rest_route=\/wp\/v2\/pages\/18\/revisions\/1066"}],"wp:attachment":[{"href":"https:\/\/caroline-protat.fr\/index.php?rest_route=%2Fwp%2Fv2%2Fmedia&parent=18"}],"curies":[{"name":"wp","href":"https:\/\/api.w.org\/{rel}","templated":true}]}}