{"id":23,"date":"2025-09-15T14:39:21","date_gmt":"2025-09-15T12:39:21","guid":{"rendered":"https:\/\/caro.audrey-protat.fr\/?page_id=23"},"modified":"2025-10-08T11:47:59","modified_gmt":"2025-10-08T09:47:59","slug":"contact","status":"publish","type":"page","link":"https:\/\/caroline-protat.fr\/?page_id=23","title":{"rendered":"Contact"},"content":{"rendered":"\t\t<div data-elementor-type=\"wp-page\" data-elementor-id=\"23\" class=\"elementor elementor-23\">\n\t\t\t\t<div class=\"elementor-element elementor-element-4b1cb96d e-flex e-con-boxed e-con e-parent\" data-id=\"4b1cb96d\" data-element_type=\"container\" data-e-type=\"container\" data-settings=\"{&quot;background_background&quot;:&quot;classic&quot;}\">\n\t\t\t\t\t<div class=\"e-con-inner\">\n\t\t<div class=\"elementor-element elementor-element-2246f735 e-con-full e-flex e-con e-child\" data-id=\"2246f735\" data-element_type=\"container\" data-e-type=\"container\">\n\t\t<div class=\"elementor-element elementor-element-6588249 e-con-full e-flex e-con e-child\" data-id=\"6588249\" data-element_type=\"container\" data-e-type=\"container\">\n\t\t<div class=\"elementor-element elementor-element-797ebeea e-flex e-con-boxed e-con e-child\" data-id=\"797ebeea\" data-element_type=\"container\" data-e-type=\"container\">\n\t\t\t\t\t<div class=\"e-con-inner\">\n\t\t\t\t<div class=\"elementor-element elementor-element-79e3d33c elementor-widget-tablet__width-inherit elementor-widget elementor-widget-heading\" data-id=\"79e3d33c\" data-element_type=\"widget\" data-e-type=\"widget\" data-widget_type=\"heading.default\">\n\t\t\t\t\t<h1 class=\"elementor-heading-title elementor-size-default\">CONTACT<\/h1>\t\t\t\t<\/div>\n\t\t\t\t<div class=\"elementor-element elementor-element-ad514a7 elementor-widget-mobile__width-inherit elementor-widget__width-initial elementor-widget elementor-widget-text-editor\" data-id=\"ad514a7\" data-element_type=\"widget\" data-e-type=\"widget\" data-widget_type=\"text-editor.default\">\n\t\t\t\t\t\t\t\t\t<p>Vos id\u00e9es m\u00e9ritent d\u2019\u00eatre film\u00e9es, chaque projet commence par une rencontre.<\/p>\t\t\t\t\t\t\t\t<\/div>\n\t\t\t\t\t<\/div>\n\t\t\t\t<\/div>\n\t\t\t\t<\/div>\n\t\t<div class=\"elementor-element elementor-element-1a39b2d0 e-con-full e-flex e-con e-child\" data-id=\"1a39b2d0\" data-element_type=\"container\" data-e-type=\"container\">\n\t\t\t\t<div class=\"elementor-element elementor-element-9986fe7 elementor-widget elementor-widget-image\" data-id=\"9986fe7\" data-element_type=\"widget\" data-e-type=\"widget\" data-widget_type=\"image.default\">\n\t\t\t\t\t\t\t\t\t\t\t\t\t\t\t<img fetchpriority=\"high\" decoding=\"async\" width=\"613\" height=\"790\" src=\"https:\/\/caroline-protat.fr\/wp-content\/uploads\/2025\/10\/caroline_protat_projets.webp\" class=\"attachment-full size-full wp-image-1033\" alt=\"\" srcset=\"https:\/\/caroline-protat.fr\/wp-content\/uploads\/2025\/10\/caroline_protat_projets.webp 613w, https:\/\/caroline-protat.fr\/wp-content\/uploads\/2025\/10\/caroline_protat_projets-233x300.webp 233w\" sizes=\"(max-width: 613px) 100vw, 613px\" \/>\t\t\t\t\t\t\t\t\t\t\t\t\t\t\t<\/div>\n\t\t\t\t<\/div>\n\t\t\t\t<\/div>\n\t\t\t\t\t<\/div>\n\t\t\t\t<\/div>\n\t\t<div class=\"elementor-element elementor-element-3fe96092 e-flex e-con-boxed e-con e-parent\" data-id=\"3fe96092\" data-element_type=\"container\" data-e-type=\"container\">\n\t\t\t\t\t<div class=\"e-con-inner\">\n\t\t<div class=\"elementor-element elementor-element-66f31b5c e-flex e-con-boxed e-con e-child\" data-id=\"66f31b5c\" data-element_type=\"container\" data-e-type=\"container\">\n\t\t\t\t\t<div class=\"e-con-inner\">\n\t\t<div class=\"elementor-element elementor-element-5a94e101 e-flex e-con-boxed e-con e-child\" data-id=\"5a94e101\" data-element_type=\"container\" data-e-type=\"container\">\n\t\t\t\t\t<div class=\"e-con-inner\">\n\t\t<div class=\"elementor-element elementor-element-7b101877 e-con-full e-flex e-con e-child\" data-id=\"7b101877\" data-element_type=\"container\" data-e-type=\"container\">\n\t\t<div class=\"elementor-element elementor-element-3c15ac63 e-flex e-con-boxed e-con e-child\" data-id=\"3c15ac63\" data-element_type=\"container\" data-e-type=\"container\">\n\t\t\t\t\t<div class=\"e-con-inner\">\n\t\t\t\t<div class=\"elementor-element elementor-element-51d212ea elementor-widget__width-inherit elementor-widget elementor-widget-heading\" data-id=\"51d212ea\" data-element_type=\"widget\" data-e-type=\"widget\" data-widget_type=\"heading.default\">\n\t\t\t\t\t<h4 class=\"elementor-heading-title elementor-size-default\">t\u00e9l\u00e9phone<\/h4>\t\t\t\t<\/div>\n\t\t\t\t<div class=\"elementor-element elementor-element-5a4cd55e elementor-widget-mobile__width-inherit elementor-widget elementor-widget-text-editor\" data-id=\"5a4cd55e\" data-element_type=\"widget\" data-e-type=\"widget\" data-widget_type=\"text-editor.default\">\n\t\t\t\t\t\t\t\t\t<p><a href=\"tel:+33768221457\"><span class=\"elementor-icon-list-text\">0768221457<\/span><\/a><\/p>\t\t\t\t\t\t\t\t<\/div>\n\t\t\t\t\t<\/div>\n\t\t\t\t<\/div>\n\t\t\t\t<\/div>\n\t\t<div class=\"elementor-element elementor-element-25fc6be8 e-con-full e-flex e-con e-child\" data-id=\"25fc6be8\" data-element_type=\"container\" data-e-type=\"container\">\n\t\t<div class=\"elementor-element elementor-element-33cd3774 e-flex e-con-boxed e-con e-child\" data-id=\"33cd3774\" data-element_type=\"container\" data-e-type=\"container\">\n\t\t\t\t\t<div class=\"e-con-inner\">\n\t\t\t\t<div class=\"elementor-element elementor-element-5d6f68e elementor-widget__width-inherit elementor-widget elementor-widget-heading\" data-id=\"5d6f68e\" data-element_type=\"widget\" data-e-type=\"widget\" data-widget_type=\"heading.default\">\n\t\t\t\t\t<h4 class=\"elementor-heading-title elementor-size-default\">mail<\/h4>\t\t\t\t<\/div>\n\t\t\t\t<div class=\"elementor-element elementor-element-15ec16ef elementor-widget-mobile__width-inherit elementor-widget elementor-widget-text-editor\" data-id=\"15ec16ef\" data-element_type=\"widget\" data-e-type=\"widget\" data-widget_type=\"text-editor.default\">\n\t\t\t\t\t\t\t\t\t<p><a href=\"mailto:protat.caroline.doc@gmail.com\"><span class=\"elementor-icon-list-text\">protat.caroline.doc@gmail.com<\/span><\/a><\/p>\t\t\t\t\t\t\t\t<\/div>\n\t\t\t\t\t<\/div>\n\t\t\t\t<\/div>\n\t\t\t\t<\/div>\n\t\t<div class=\"elementor-element elementor-element-41530add e-con-full e-flex e-con e-child\" data-id=\"41530add\" data-element_type=\"container\" data-e-type=\"container\">\n\t\t<div class=\"elementor-element elementor-element-6ccf2b62 e-flex e-con-boxed e-con e-child\" data-id=\"6ccf2b62\" data-element_type=\"container\" data-e-type=\"container\">\n\t\t\t\t\t<div class=\"e-con-inner\">\n\t\t\t\t<div class=\"elementor-element elementor-element-1e90d836 elementor-widget__width-inherit elementor-widget elementor-widget-heading\" data-id=\"1e90d836\" data-element_type=\"widget\" data-e-type=\"widget\" data-widget_type=\"heading.default\">\n\t\t\t\t\t<h4 class=\"elementor-heading-title elementor-size-default\">Localisation<\/h4>\t\t\t\t<\/div>\n\t\t\t\t<div class=\"elementor-element elementor-element-61199 elementor-widget-mobile__width-inherit elementor-widget elementor-widget-text-editor\" data-id=\"61199\" data-element_type=\"widget\" data-e-type=\"widget\" data-widget_type=\"text-editor.default\">\n\t\t\t\t\t\t\t\t\t<p>Paris<\/p>\t\t\t\t\t\t\t\t<\/div>\n\t\t\t\t\t<\/div>\n\t\t\t\t<\/div>\n\t\t\t\t<\/div>\n\t\t\t\t\t<\/div>\n\t\t\t\t<\/div>\n\t\t\t\t\t<\/div>\n\t\t\t\t<\/div>\n\t\t\t\t\t<\/div>\n\t\t\t\t<\/div>\n\t\t\t\t<\/div>\n\t\t","protected":false},"excerpt":{"rendered":"<p>CONTACT Vos id\u00e9es m\u00e9ritent d\u2019\u00eatre film\u00e9es, chaque projet commence par une rencontre. t\u00e9l\u00e9phone 0768221457 mail protat.caroline.doc@gmail.com Localisation Paris<\/p>\n","protected":false},"author":1,"featured_media":0,"parent":0,"menu_order":0,"comment_status":"closed","ping_status":"closed","template":"","meta":{"footnotes":""},"class_list":["post-23","page","type-page","status-publish","hentry"],"_links":{"self":[{"href":"https:\/\/caroline-protat.fr\/index.php?rest_route=\/wp\/v2\/pages\/23","targetHints":{"allow":["GET"]}}],"collection":[{"href":"https:\/\/caroline-protat.fr\/index.php?rest_route=\/wp\/v2\/pages"}],"about":[{"href":"https:\/\/caroline-protat.fr\/index.php?rest_route=\/wp\/v2\/types\/page"}],"author":[{"embeddable":true,"href":"https:\/\/caroline-protat.fr\/index.php?rest_route=\/wp\/v2\/users\/1"}],"replies":[{"embeddable":true,"href":"https:\/\/caroline-protat.fr\/index.php?rest_route=%2Fwp%2Fv2%2Fcomments&post=23"}],"version-history":[{"count":46,"href":"https:\/\/caroline-protat.fr\/index.php?rest_route=\/wp\/v2\/pages\/23\/revisions"}],"predecessor-version":[{"id":1069,"href":"https:\/\/caroline-protat.fr\/index.php?rest_route=\/wp\/v2\/pages\/23\/revisions\/1069"}],"wp:attachment":[{"href":"https:\/\/caroline-protat.fr\/index.php?rest_route=%2Fwp%2Fv2%2Fmedia&parent=23"}],"curies":[{"name":"wp","href":"https:\/\/api.w.org\/{rel}","templated":true}]}}