{"id":914,"date":"2025-09-23T21:31:23","date_gmt":"2025-09-23T19:31:23","guid":{"rendered":"https:\/\/caro.audrey-protat.fr\/?page_id=914"},"modified":"2025-09-23T21:56:23","modified_gmt":"2025-09-23T19:56:23","slug":"mentions-legales-cgu","status":"publish","type":"page","link":"https:\/\/caroline-protat.fr\/?page_id=914","title":{"rendered":"Mentions l\u00e9gales &amp; CGU"},"content":{"rendered":"\t\t<div data-elementor-type=\"wp-page\" data-elementor-id=\"914\" class=\"elementor elementor-914\">\n\t\t\t\t<div class=\"elementor-element elementor-element-7cf37afa e-flex e-con-boxed e-con e-parent\" data-id=\"7cf37afa\" data-element_type=\"container\" data-e-type=\"container\" data-settings=\"{&quot;background_background&quot;:&quot;classic&quot;}\">\n\t\t\t\t\t<div class=\"e-con-inner\">\n\t\t<div class=\"elementor-element elementor-element-1538a728 e-con-full e-flex e-con e-child\" data-id=\"1538a728\" data-element_type=\"container\" data-e-type=\"container\">\n\t\t<div class=\"elementor-element elementor-element-487d638b e-con-full e-flex e-con e-child\" data-id=\"487d638b\" data-element_type=\"container\" data-e-type=\"container\">\n\t\t<div class=\"elementor-element elementor-element-39fbcc8 e-flex e-con-boxed e-con e-child\" data-id=\"39fbcc8\" data-element_type=\"container\" data-e-type=\"container\">\n\t\t\t\t\t<div class=\"e-con-inner\">\n\t\t\t\t<div class=\"elementor-element elementor-element-8f9a8c0 elementor-widget elementor-widget-heading\" data-id=\"8f9a8c0\" data-element_type=\"widget\" data-e-type=\"widget\" data-widget_type=\"heading.default\">\n\t\t\t\t\t<h1 class=\"elementor-heading-title elementor-size-default\">Mentions l\u00e9gales et conditions <br>g\u00e9n\u00e9rales d'utilisation<\/h1>\t\t\t\t<\/div>\n\t\t\t\t\t<\/div>\n\t\t\t\t<\/div>\n\t\t\t\t<\/div>\n\t\t\t\t<\/div>\n\t\t\t\t\t<\/div>\n\t\t\t\t<\/div>\n\t\t<div class=\"elementor-element elementor-element-159d805b e-flex e-con-boxed e-con e-parent\" data-id=\"159d805b\" data-element_type=\"container\" data-e-type=\"container\">\n\t\t\t\t\t<div class=\"e-con-inner\">\n\t\t<div class=\"elementor-element elementor-element-257e0855 e-flex e-con-boxed e-con e-child\" data-id=\"257e0855\" data-element_type=\"container\" data-e-type=\"container\">\n\t\t\t\t\t<div class=\"e-con-inner\">\n\t\t<div class=\"elementor-element elementor-element-fa56fe3 e-con-full e-flex e-con e-child\" data-id=\"fa56fe3\" data-element_type=\"container\" data-e-type=\"container\">\n\t\t\t\t<div class=\"elementor-element elementor-element-f3305af elementor-widget elementor-widget-heading\" data-id=\"f3305af\" data-element_type=\"widget\" data-e-type=\"widget\" data-widget_type=\"heading.default\">\n\t\t\t\t\t<h2 class=\"elementor-heading-title elementor-size-default\">Informations l\u00e9gales<\/h2>\t\t\t\t<\/div>\n\t\t\t\t<div class=\"elementor-element elementor-element-de20ac7 elementor-widget elementor-widget-text-editor\" data-id=\"de20ac7\" data-element_type=\"widget\" data-e-type=\"widget\" data-widget_type=\"text-editor.default\">\n\t\t\t\t\t\t\t\t\t<p>Conform\u00e9ment \u00e0 l\u2019article 6 de la Loi n\u00b02004-575 du 21 juin 2004 pour la Confiance dans l\u2019\u00c9conomie Num\u00e9rique (LCEN).<br \/>Il est pr\u00e9cis\u00e9 aux utilisateurs du site l\u2019identit\u00e9 des diff\u00e9rents intervenants dans le cadre de sa r\u00e9alisation et de son suivi..<\/p>\t\t\t\t\t\t\t\t<\/div>\n\t\t\t\t<\/div>\n\t\t\t\t\t<\/div>\n\t\t\t\t<\/div>\n\t\t\t\t\t<\/div>\n\t\t\t\t<\/div>\n\t\t<div class=\"elementor-element elementor-element-124c0a6 e-flex e-con-boxed e-con e-parent\" data-id=\"124c0a6\" data-element_type=\"container\" data-e-type=\"container\">\n\t\t\t\t\t<div class=\"e-con-inner\">\n\t\t<div class=\"elementor-element elementor-element-2498edd e-flex e-con-boxed e-con e-child\" data-id=\"2498edd\" data-element_type=\"container\" data-e-type=\"container\">\n\t\t\t\t\t<div class=\"e-con-inner\">\n\t\t<div class=\"elementor-element elementor-element-32ecba0 e-con-full e-flex e-con e-child\" data-id=\"32ecba0\" data-element_type=\"container\" data-e-type=\"container\">\n\t\t<div class=\"elementor-element elementor-element-95def3b e-con-full e-flex e-con e-child\" data-id=\"95def3b\" data-element_type=\"container\" data-e-type=\"container\">\n\t\t\t\t<div class=\"elementor-element elementor-element-17e2e80 elementor-widget elementor-widget-heading\" data-id=\"17e2e80\" data-element_type=\"widget\" data-e-type=\"widget\" data-widget_type=\"heading.default\">\n\t\t\t\t\t<h2 class=\"elementor-heading-title elementor-size-default\">\u00c9ditrice du site<\/h2>\t\t\t\t<\/div>\n\t\t\t\t<div class=\"elementor-element elementor-element-cc368dd elementor-widget elementor-widget-text-editor\" data-id=\"cc368dd\" data-element_type=\"widget\" data-e-type=\"widget\" data-widget_type=\"text-editor.default\">\n\t\t\t\t\t\t\t\t\t<p><strong>Responsable \u00e9ditorial :\u00a0<\/strong> Caroline Protat<br \/><strong>Adresse mail :<\/strong> protat.caroline.doc@gmail.com<br \/><strong>Site internet :<\/strong> caroline-protat.fr<\/p>\t\t\t\t\t\t\t\t<\/div>\n\t\t\t\t<\/div>\n\t\t<div class=\"elementor-element elementor-element-0eef449 e-con-full e-flex e-con e-child\" data-id=\"0eef449\" data-element_type=\"container\" data-e-type=\"container\">\n\t\t\t\t<div class=\"elementor-element elementor-element-f7718da elementor-widget elementor-widget-heading\" data-id=\"f7718da\" data-element_type=\"widget\" data-e-type=\"widget\" data-widget_type=\"heading.default\">\n\t\t\t\t\t<h2 class=\"elementor-heading-title elementor-size-default\">H\u00e9bergement du site<\/h2>\t\t\t\t<\/div>\n\t\t\t\t<div class=\"elementor-element elementor-element-ed53ae2 elementor-widget elementor-widget-text-editor\" data-id=\"ed53ae2\" data-element_type=\"widget\" data-e-type=\"widget\" data-widget_type=\"text-editor.default\">\n\t\t\t\t\t\t\t\t\t<p><strong>Nom de l\u2019h\u00e9bergeur :<\/strong>\u00a0SAS PulseHeberg<br \/><strong>Si\u00e8ge social :<\/strong>\u00a09, Boulevard de Strasbourg, 83000 Toulon, France<br \/><strong>Adresse mail :<\/strong>\u00a0contact@pulseheberg.com<br \/><strong>Site internet : <\/strong>www.pulseheberg.com<\/p>\t\t\t\t\t\t\t\t<\/div>\n\t\t\t\t<\/div>\n\t\t\t\t<\/div>\n\t\t\t\t\t<\/div>\n\t\t\t\t<\/div>\n\t\t\t\t\t<\/div>\n\t\t\t\t<\/div>\n\t\t<div class=\"elementor-element elementor-element-f85de98 e-flex e-con-boxed e-con e-parent\" data-id=\"f85de98\" data-element_type=\"container\" data-e-type=\"container\">\n\t\t\t\t\t<div class=\"e-con-inner\">\n\t\t<div class=\"elementor-element elementor-element-e5282c6 e-flex e-con-boxed e-con e-child\" data-id=\"e5282c6\" data-element_type=\"container\" data-e-type=\"container\">\n\t\t\t\t\t<div class=\"e-con-inner\">\n\t\t<div class=\"elementor-element elementor-element-dcc43b8 e-con-full e-flex e-con e-child\" data-id=\"dcc43b8\" data-element_type=\"container\" data-e-type=\"container\">\n\t\t\t\t<div class=\"elementor-element elementor-element-bf9c3f0 elementor-widget elementor-widget-heading\" data-id=\"bf9c3f0\" data-element_type=\"widget\" data-e-type=\"widget\" data-widget_type=\"heading.default\">\n\t\t\t\t\t<h2 class=\"elementor-heading-title elementor-size-default\">Objet du site<\/h2>\t\t\t\t<\/div>\n\t\t\t\t<div class=\"elementor-element elementor-element-fa77f53 elementor-widget elementor-widget-text-editor\" data-id=\"fa77f53\" data-element_type=\"widget\" data-e-type=\"widget\" data-widget_type=\"text-editor.default\">\n\t\t\t\t\t\t\t\t\t<p>Les pr\u00e9sentes Mentions L\u00e9gales et Conditions G\u00e9n\u00e9rales d\u2019Utilisation (CGU) r\u00e9gissent l\u2019acc\u00e8s et l\u2019utilisation du site\u00a0www.caroline-protat.fr. En acc\u00e9dant au site, l\u2019utilisateur accepte sans r\u00e9serve ces conditions.<\/p>\t\t\t\t\t\t\t\t<\/div>\n\t\t\t\t<\/div>\n\t\t\t\t\t<\/div>\n\t\t\t\t<\/div>\n\t\t\t\t\t<\/div>\n\t\t\t\t<\/div>\n\t\t<div class=\"elementor-element elementor-element-4440c4f e-flex e-con-boxed e-con e-parent\" data-id=\"4440c4f\" data-element_type=\"container\" data-e-type=\"container\">\n\t\t\t\t\t<div class=\"e-con-inner\">\n\t\t<div class=\"elementor-element elementor-element-598f4e5 e-flex e-con-boxed e-con e-child\" data-id=\"598f4e5\" data-element_type=\"container\" data-e-type=\"container\">\n\t\t\t\t\t<div class=\"e-con-inner\">\n\t\t<div class=\"elementor-element elementor-element-aef7b76 e-con-full e-flex e-con e-child\" data-id=\"aef7b76\" data-element_type=\"container\" data-e-type=\"container\">\n\t\t\t\t<div class=\"elementor-element elementor-element-0f19cff elementor-widget elementor-widget-heading\" data-id=\"0f19cff\" data-element_type=\"widget\" data-e-type=\"widget\" data-widget_type=\"heading.default\">\n\t\t\t\t\t<h2 class=\"elementor-heading-title elementor-size-default\">Propri\u00e9t\u00e9 intellectuelle<\/h2>\t\t\t\t<\/div>\n\t\t\t\t<div class=\"elementor-element elementor-element-1288b76 elementor-widget elementor-widget-text-editor\" data-id=\"1288b76\" data-element_type=\"widget\" data-e-type=\"widget\" data-widget_type=\"text-editor.default\">\n\t\t\t\t\t\t\t\t\t<p>Les marques, logos, signes ainsi que tous les contenus du site (textes, images, sons\u2026) sont prot\u00e9g\u00e9s par le Code de la propri\u00e9t\u00e9 intellectuelle et, plus particuli\u00e8rement, par le droit d\u2019auteur. L\u2019Utilisateur doit demander l\u2019autorisation pr\u00e9alable du site pour toute reproduction, publication ou copie des contenus. Il s\u2019engage \u00e0 utiliser les contenus du site uniquement dans un cadre strictement priv\u00e9. Toute utilisation commerciale ou publicitaire est interdite. L\u2019Utilisateur ne doit pas repr\u00e9senter, en totalit\u00e9 ou en partie, ce site par quelque proc\u00e9d\u00e9 que ce soit, sans l\u2019autorisation expresse de l\u2019exploitant du site Internet. Cela constituerait une contrefa\u00e7on, sanctionn\u00e9e par l\u2019article L 335-2 et suivants du Code de la propri\u00e9t\u00e9 intellectuelle. Conform\u00e9ment \u00e0 l\u2019article L122-5 du Code de la propri\u00e9t\u00e9 intellectuelle, l\u2019Utilisateur qui reproduit, copie ou publie du contenu prot\u00e9g\u00e9 doit citer l\u2019auteur et sa source.<\/p>\t\t\t\t\t\t\t\t<\/div>\n\t\t\t\t<\/div>\n\t\t\t\t\t<\/div>\n\t\t\t\t<\/div>\n\t\t\t\t\t<\/div>\n\t\t\t\t<\/div>\n\t\t<div class=\"elementor-element elementor-element-88219ef e-flex e-con-boxed e-con e-parent\" data-id=\"88219ef\" data-element_type=\"container\" data-e-type=\"container\">\n\t\t\t\t\t<div class=\"e-con-inner\">\n\t\t<div class=\"elementor-element elementor-element-1eee2fd e-flex e-con-boxed e-con e-child\" data-id=\"1eee2fd\" data-element_type=\"container\" data-e-type=\"container\">\n\t\t\t\t\t<div class=\"e-con-inner\">\n\t\t<div class=\"elementor-element elementor-element-bae3ca5 e-con-full e-flex e-con e-child\" data-id=\"bae3ca5\" data-element_type=\"container\" data-e-type=\"container\">\n\t\t\t\t<div class=\"elementor-element elementor-element-2bd4731 elementor-widget elementor-widget-heading\" data-id=\"2bd4731\" data-element_type=\"widget\" data-e-type=\"widget\" data-widget_type=\"heading.default\">\n\t\t\t\t\t<h2 class=\"elementor-heading-title elementor-size-default\">Acc\u00e8s au site et responsabilit\u00e9<\/h2>\t\t\t\t<\/div>\n\t\t\t\t<div class=\"elementor-element elementor-element-c5c43ea elementor-widget elementor-widget-text-editor\" data-id=\"c5c43ea\" data-element_type=\"widget\" data-e-type=\"widget\" data-widget_type=\"text-editor.default\">\n\t\t\t\t\t\t\t\t\t<p>L\u2019acc\u00e8s au site\u00a0www.caroline-protat.fr\u00a0est libre et gratuit, sous r\u00e9serve de respecter les conditions pr\u00e9sentes. L\u2019\u00e9diteur peut suspendre, interrompre ou modifier l\u2019acc\u00e8s au site sans pr\u00e9avis. Il n\u2019est pas responsable des interruptions de service ou des cons\u00e9quences li\u00e9es \u00e0 l\u2019utilisation du site. L\u2019utilisateur doit respecter les lois et r\u00e8glements en vigueur. Il doit \u00e9galement veiller \u00e0 ne pas perturber le bon fonctionnement du site. L\u2019utilisateur est responsable des donn\u00e9es qu\u2019il transmet et garantit leur v\u00e9racit\u00e9.<\/p>\t\t\t\t\t\t\t\t<\/div>\n\t\t\t\t<\/div>\n\t\t\t\t\t<\/div>\n\t\t\t\t<\/div>\n\t\t\t\t\t<\/div>\n\t\t\t\t<\/div>\n\t\t<div class=\"elementor-element elementor-element-0bb9697 e-flex e-con-boxed e-con e-parent\" data-id=\"0bb9697\" data-element_type=\"container\" data-e-type=\"container\">\n\t\t\t\t\t<div class=\"e-con-inner\">\n\t\t<div class=\"elementor-element elementor-element-ca667d3 e-flex e-con-boxed e-con e-child\" data-id=\"ca667d3\" data-element_type=\"container\" data-e-type=\"container\">\n\t\t\t\t\t<div class=\"e-con-inner\">\n\t\t<div class=\"elementor-element elementor-element-08fe3f9 e-con-full e-flex e-con e-child\" data-id=\"08fe3f9\" data-element_type=\"container\" data-e-type=\"container\">\n\t\t\t\t<div class=\"elementor-element elementor-element-3cb2aff elementor-widget elementor-widget-heading\" data-id=\"3cb2aff\" data-element_type=\"widget\" data-e-type=\"widget\" data-widget_type=\"heading.default\">\n\t\t\t\t\t<h2 class=\"elementor-heading-title elementor-size-default\">Collecte et traitement des donn\u00e9es personnelles<\/h2>\t\t\t\t<\/div>\n\t\t\t\t<div class=\"elementor-element elementor-element-89d4c97 elementor-widget elementor-widget-text-editor\" data-id=\"89d4c97\" data-element_type=\"widget\" data-e-type=\"widget\" data-widget_type=\"text-editor.default\">\n\t\t\t\t\t\t\t\t\t<p>Le site est exempt\u00e9 de d\u00e9claration \u00e0 la Commission Nationale Informatique et Libert\u00e9s (CNIL) dans la mesure o\u00f9 il ne collecte aucune donn\u00e9e concernant les Utilisateurs.<\/p>\t\t\t\t\t\t\t\t<\/div>\n\t\t\t\t<\/div>\n\t\t\t\t\t<\/div>\n\t\t\t\t<\/div>\n\t\t\t\t\t<\/div>\n\t\t\t\t<\/div>\n\t\t<div class=\"elementor-element elementor-element-eec97bd e-flex e-con-boxed e-con e-parent\" data-id=\"eec97bd\" data-element_type=\"container\" data-e-type=\"container\">\n\t\t\t\t\t<div class=\"e-con-inner\">\n\t\t<div class=\"elementor-element elementor-element-c890afa e-flex e-con-boxed e-con e-child\" data-id=\"c890afa\" data-element_type=\"container\" data-e-type=\"container\">\n\t\t\t\t\t<div class=\"e-con-inner\">\n\t\t<div class=\"elementor-element elementor-element-d967b9f e-con-full e-flex e-con e-child\" data-id=\"d967b9f\" data-element_type=\"container\" data-e-type=\"container\">\n\t\t\t\t<div class=\"elementor-element elementor-element-a0c59d6 elementor-widget elementor-widget-heading\" data-id=\"a0c59d6\" data-element_type=\"widget\" data-e-type=\"widget\" data-widget_type=\"heading.default\">\n\t\t\t\t\t<h2 class=\"elementor-heading-title elementor-size-default\">Liens hypertextes<\/h2>\t\t\t\t<\/div>\n\t\t\t\t<div class=\"elementor-element elementor-element-8e004fe elementor-widget elementor-widget-text-editor\" data-id=\"8e004fe\" data-element_type=\"widget\" data-e-type=\"widget\" data-widget_type=\"text-editor.default\">\n\t\t\t\t\t\t\t\t\t<p>Des liens hypertextes peuvent appara\u00eetre sur le site. L\u2019utilisateur est inform\u00e9 qu\u2019en cliquant sur ces liens, il quittera le site\u00a0https:\/\/caroline-protat.fr. L\u2019\u00e9diteur ne contr\u00f4le pas les pages web li\u00e9es et ne peut \u00eatre responsable de leur contenu.<\/p>\t\t\t\t\t\t\t\t<\/div>\n\t\t\t\t<\/div>\n\t\t\t\t\t<\/div>\n\t\t\t\t<\/div>\n\t\t\t\t\t<\/div>\n\t\t\t\t<\/div>\n\t\t<div class=\"elementor-element elementor-element-a539904 e-flex e-con-boxed e-con e-parent\" data-id=\"a539904\" data-element_type=\"container\" data-e-type=\"container\">\n\t\t\t\t\t<div class=\"e-con-inner\">\n\t\t<div class=\"elementor-element elementor-element-3e4a7bb e-flex e-con-boxed e-con e-child\" data-id=\"3e4a7bb\" data-element_type=\"container\" data-e-type=\"container\">\n\t\t\t\t\t<div class=\"e-con-inner\">\n\t\t<div class=\"elementor-element elementor-element-854dcc3 e-con-full e-flex e-con e-child\" data-id=\"854dcc3\" data-element_type=\"container\" data-e-type=\"container\">\n\t\t\t\t<div class=\"elementor-element elementor-element-5abfbfc elementor-widget elementor-widget-heading\" data-id=\"5abfbfc\" data-element_type=\"widget\" data-e-type=\"widget\" data-widget_type=\"heading.default\">\n\t\t\t\t\t<h2 class=\"elementor-heading-title elementor-size-default\">Cookies<\/h2>\t\t\t\t<\/div>\n\t\t\t\t<div class=\"elementor-element elementor-element-f702505 elementor-widget elementor-widget-text-editor\" data-id=\"f702505\" data-element_type=\"widget\" data-e-type=\"widget\" data-widget_type=\"text-editor.default\">\n\t\t\t\t\t\t\t\t\t<p>L\u2019utilisateur est inform\u00e9 que lors de ses visites sur le site, un cookie peut s\u2019installer automatiquement sur son navigateur. Le navigateur stocke les cookies, de petits fichiers, temporairement sur le disque dur de l\u2019utilisateur. Ces cookies sont n\u00e9cessaires pour utiliser le site\u00a0https:\/\/caroline-protat.fr. Les cookies ne contiennent aucune information personnelle et ne peuvent pas identifier une personne. Chaque cookie poss\u00e8de un identifiant unique, g\u00e9n\u00e9r\u00e9 de mani\u00e8re al\u00e9atoire et donc anonyme. Certains cookies expirent \u00e0 la fin de la visite de l\u2019utilisateur, tandis que d\u2019autres restent. L\u2019information contenue dans les cookies aide \u00e0 am\u00e9liorer le site\u00a0https:\/\/caroline-protat.fr. En naviguant sur le site, l\u2019utilisateur accepte l\u2019utilisation des cookies. L\u2019utilisateur peut d\u00e9sactiver ces cookies via les param\u00e8tres de son navigateur.<\/p>\t\t\t\t\t\t\t\t<\/div>\n\t\t\t\t<\/div>\n\t\t\t\t\t<\/div>\n\t\t\t\t<\/div>\n\t\t\t\t\t<\/div>\n\t\t\t\t<\/div>\n\t\t<div class=\"elementor-element elementor-element-c0a71cd e-flex e-con-boxed e-con e-parent\" data-id=\"c0a71cd\" data-element_type=\"container\" data-e-type=\"container\">\n\t\t\t\t\t<div class=\"e-con-inner\">\n\t\t<div class=\"elementor-element elementor-element-f76e0a0 e-flex e-con-boxed e-con e-child\" data-id=\"f76e0a0\" data-element_type=\"container\" data-e-type=\"container\">\n\t\t\t\t\t<div class=\"e-con-inner\">\n\t\t<div class=\"elementor-element elementor-element-0056506 e-con-full e-flex e-con e-child\" data-id=\"0056506\" data-element_type=\"container\" data-e-type=\"container\">\n\t\t\t\t<div class=\"elementor-element elementor-element-eb973e3 elementor-widget elementor-widget-heading\" data-id=\"eb973e3\" data-element_type=\"widget\" data-e-type=\"widget\" data-widget_type=\"heading.default\">\n\t\t\t\t\t<h2 class=\"elementor-heading-title elementor-size-default\">Responsabilit\u00e9 de l'utilisateur<\/h2>\t\t\t\t<\/div>\n\t\t\t\t<div class=\"elementor-element elementor-element-18c69de elementor-widget elementor-widget-text-editor\" data-id=\"18c69de\" data-element_type=\"widget\" data-e-type=\"widget\" data-widget_type=\"text-editor.default\">\n\t\t\t\t\t\t\t\t\t<p>L\u2019utilisateur s\u2019engage \u00e0 utiliser le site de mani\u00e8re responsable, en respectant les lois et les droits des autres utilisateurs. Il doit veiller \u00e0 ne pas perturber le fonctionnement du site. Il doit \u00e9galement \u00e9viter de transmettre des contenus ill\u00e9gaux. L\u2019utilisation de scripts ou de robots pour extraire des informations sans autorisation est interdite.<\/p>\t\t\t\t\t\t\t\t<\/div>\n\t\t\t\t<\/div>\n\t\t\t\t\t<\/div>\n\t\t\t\t<\/div>\n\t\t\t\t\t<\/div>\n\t\t\t\t<\/div>\n\t\t<div class=\"elementor-element elementor-element-3b1f94d e-flex e-con-boxed e-con e-parent\" data-id=\"3b1f94d\" data-element_type=\"container\" data-e-type=\"container\">\n\t\t\t\t\t<div class=\"e-con-inner\">\n\t\t<div class=\"elementor-element elementor-element-eb7d005 e-flex e-con-boxed e-con e-child\" data-id=\"eb7d005\" data-element_type=\"container\" data-e-type=\"container\">\n\t\t\t\t\t<div class=\"e-con-inner\">\n\t\t<div class=\"elementor-element elementor-element-7e689b5 e-con-full e-flex e-con e-child\" data-id=\"7e689b5\" data-element_type=\"container\" data-e-type=\"container\">\n\t\t\t\t<div class=\"elementor-element elementor-element-37de0d4 elementor-widget elementor-widget-heading\" data-id=\"37de0d4\" data-element_type=\"widget\" data-e-type=\"widget\" data-widget_type=\"heading.default\">\n\t\t\t\t\t<h2 class=\"elementor-heading-title elementor-size-default\"> Modification des Mentions L\u00e9gales et des CGU<\/h2>\t\t\t\t<\/div>\n\t\t\t\t<div class=\"elementor-element elementor-element-9c0b3ba elementor-widget elementor-widget-text-editor\" data-id=\"9c0b3ba\" data-element_type=\"widget\" data-e-type=\"widget\" data-widget_type=\"text-editor.default\">\n\t\t\t\t\t\t\t\t\t<p>L\u2019\u00e9diteur se r\u00e9serve le droit de modifier \u00e0 tout moment les Mentions L\u00e9gales et CGU. Toute modification sera signal\u00e9e sur le site. L\u2019utilisation continue du site vaut acceptation des nouvelles conditions.<\/p>\t\t\t\t\t\t\t\t<\/div>\n\t\t\t\t<\/div>\n\t\t\t\t\t<\/div>\n\t\t\t\t<\/div>\n\t\t\t\t\t<\/div>\n\t\t\t\t<\/div>\n\t\t<div class=\"elementor-element elementor-element-cf80b38 e-flex e-con-boxed e-con e-parent\" data-id=\"cf80b38\" data-element_type=\"container\" data-e-type=\"container\">\n\t\t\t\t\t<div class=\"e-con-inner\">\n\t\t<div class=\"elementor-element elementor-element-73913c7 e-flex e-con-boxed e-con e-child\" data-id=\"73913c7\" data-element_type=\"container\" data-e-type=\"container\">\n\t\t\t\t\t<div class=\"e-con-inner\">\n\t\t<div class=\"elementor-element elementor-element-c8b49ee e-con-full e-flex e-con e-child\" data-id=\"c8b49ee\" data-element_type=\"container\" data-e-type=\"container\">\n\t\t\t\t<div class=\"elementor-element elementor-element-d3b16cd elementor-widget elementor-widget-heading\" data-id=\"d3b16cd\" data-element_type=\"widget\" data-e-type=\"widget\" data-widget_type=\"heading.default\">\n\t\t\t\t\t<h2 class=\"elementor-heading-title elementor-size-default\">Loi applicable et juridiction comp\u00e9tente<\/h2>\t\t\t\t<\/div>\n\t\t\t\t<div class=\"elementor-element elementor-element-af57ed6 elementor-widget elementor-widget-text-editor\" data-id=\"af57ed6\" data-element_type=\"widget\" data-e-type=\"widget\" data-widget_type=\"text-editor.default\">\n\t\t\t\t\t\t\t\t\t<p>La l\u00e9gislation fran\u00e7aise s\u2019applique au pr\u00e9sent contrat. Si les parties ne parviennent pas \u00e0 r\u00e9soudre un litige amiablement, les tribunaux fran\u00e7ais seront comp\u00e9tents. Pour toute question concernant l\u2019application des CGU, vous pouvez contacter l\u2019\u00e9diteur aux coordonn\u00e9es inscrites \u00e0 l\u2019ARTICLE 1.<\/p>\t\t\t\t\t\t\t\t<\/div>\n\t\t\t\t<\/div>\n\t\t\t\t\t<\/div>\n\t\t\t\t<\/div>\n\t\t\t\t\t<\/div>\n\t\t\t\t<\/div>\n\t\t\t\t<\/div>\n\t\t","protected":false},"excerpt":{"rendered":"<p>Mentions l\u00e9gales et conditions g\u00e9n\u00e9rales d&rsquo;utilisation Informations l\u00e9gales Conform\u00e9ment \u00e0 l\u2019article 6 de la Loi n\u00b02004-575 du 21 juin 2004 pour la Confiance dans l\u2019\u00c9conomie Num\u00e9rique (LCEN).Il est pr\u00e9cis\u00e9 aux utilisateurs du site l\u2019identit\u00e9 des diff\u00e9rents intervenants dans le cadre de sa r\u00e9alisation et de son suivi.. \u00c9ditrice du site Responsable \u00e9ditorial :\u00a0 Caroline ProtatAdresse [&hellip;]<\/p>\n","protected":false},"author":1,"featured_media":0,"parent":0,"menu_order":0,"comment_status":"closed","ping_status":"closed","template":"","meta":{"footnotes":""},"class_list":["post-914","page","type-page","status-publish","hentry"],"_links":{"self":[{"href":"https:\/\/caroline-protat.fr\/index.php?rest_route=\/wp\/v2\/pages\/914","targetHints":{"allow":["GET"]}}],"collection":[{"href":"https:\/\/caroline-protat.fr\/index.php?rest_route=\/wp\/v2\/pages"}],"about":[{"href":"https:\/\/caroline-protat.fr\/index.php?rest_route=\/wp\/v2\/types\/page"}],"author":[{"embeddable":true,"href":"https:\/\/caroline-protat.fr\/index.php?rest_route=\/wp\/v2\/users\/1"}],"replies":[{"embeddable":true,"href":"https:\/\/caroline-protat.fr\/index.php?rest_route=%2Fwp%2Fv2%2Fcomments&post=914"}],"version-history":[{"count":4,"href":"https:\/\/caroline-protat.fr\/index.php?rest_route=\/wp\/v2\/pages\/914\/revisions"}],"predecessor-version":[{"id":925,"href":"https:\/\/caroline-protat.fr\/index.php?rest_route=\/wp\/v2\/pages\/914\/revisions\/925"}],"wp:attachment":[{"href":"https:\/\/caroline-protat.fr\/index.php?rest_route=%2Fwp%2Fv2%2Fmedia&parent=914"}],"curies":[{"name":"wp","href":"https:\/\/api.w.org\/{rel}","templated":true}]}}